{"id":27,"date":"2014-06-16T05:59:18","date_gmt":"2014-06-16T05:59:18","guid":{"rendered":"http:\/\/www.managis.com\/managezparlesreunions\/?page_id=27"},"modified":"2018-02-23T18:06:52","modified_gmt":"2018-02-23T16:06:52","slug":"faites-prendre-de-lavance-a-votre-equipe","status":"publish","type":"page","link":"https:\/\/www.managis.com\/managezparlesreunions1\/faites-prendre-de-lavance-a-votre-equipe\/","title":{"rendered":"Faites prendre de l&#8217;avance \u00e0 votre \u00e9quipe !"},"content":{"rendered":"<table width=\"600px\" border=\"1px\">\n<tbody>\n<tr>\n<td><img loading=\"lazy\" decoding=\"async\" class=\"alignnone size-full wp-image-28\" title=\"image-sourcier\u00e8managis\" src=\"https:\/\/www.managis.com\/managezparlesreunions1\/files\/2014\/06\/image-sourcier\u00e8managis.jpg\" alt=\"\" width=\"189\" height=\"129\" \/><\/td>\n<td style=\"text-align: center\"><strong>1 Offre pour particulier<\/strong><\/td>\n<td style=\"text-align: center\" colspan=\"2\"><strong>2 Offres pour les entreprises<\/strong><\/td>\n<\/tr>\n<tr bgcolor=\"#e7e7e7\">\n<td style=\"text-align: center\">\n<h4><strong>PRESTATIONS<\/strong><\/h4>\n<\/td>\n<td style=\"text-align: center\">&#10004;<\/td>\n<td style=\"text-align: center\">&#10004;<\/td>\n<td style=\"text-align: center\">&#10004;<\/td>\n<\/tr>\n<tr bgcolor=\"#e7e7e7\">\n<td style=\"text-align: right\">Accompagnement par mail<\/td>\n<td style=\"text-align: center\">&#10004;<\/td>\n<td style=\"text-align: center\">&#10004;<\/td>\n<td style=\"text-align: center\">&#10004;<\/td>\n<\/tr>\n<tr bgcolor=\"#e7e7e7\">\n<td style=\"text-align: right\">3 jours en alternance<\/td>\n<td style=\"text-align: center\">&#10004;<\/td>\n<td style=\"text-align: center\">&#10004;<\/td>\n<td style=\"text-align: center\">&#10004;<\/td>\n<\/tr>\n<tr bgcolor=\"#e7e7e7\">\n<td style=\"text-align: right\">Classeur-support de cours<\/td>\n<td style=\"text-align: center\">&#10004;<\/td>\n<td style=\"text-align: center\">&#10004;<\/td>\n<td style=\"text-align: center\">&#10004;<\/td>\n<\/tr>\n<tr bgcolor=\"#e7e7e7\">\n<td style=\"text-align: right\">D\u00e9jeuner<\/td>\n<td style=\"text-align: center\">&#10004;<\/td>\n<td style=\"text-align: center\">&#10004;<\/td>\n<td style=\"text-align: center\"><\/td>\n<\/tr>\n<tr bgcolor=\"#e7e7e7\">\n<td style=\"text-align: right\">Pont t\u00e9l\u00e9phonique : 1h<\/td>\n<td style=\"text-align: center\">&#10004;<\/td>\n<td style=\"text-align: center\">&#10004;<\/td>\n<td style=\"text-align: center\">&#10004;<\/td>\n<\/tr>\n<tr bgcolor=\"#e7e7e7\">\n<td style=\"text-align: right\">Supervision 1\/2 journ\u00e9e<\/td>\n<td style=\"text-align: center\"><\/td>\n<td style=\"text-align: center\">&#10004;<\/td>\n<td style=\"text-align: center\">&#10004;<\/td>\n<\/tr>\n<tr bgcolor=\"#e7e7e7\">\n<td style=\"text-align: left\"><strong><strong>1<sup>er<\/sup> <\/strong>BONUS<\/strong>: Inscription au Club des Managers<\/td>\n<td style=\"text-align: center\">&#10004;<\/td>\n<td style=\"text-align: center\">&#10004;<\/td>\n<td style=\"text-align: center\">&#10004;<\/td>\n<\/tr>\n<tr bgcolor=\"#e7e7e7\">\n<td style=\"text-align: left\"><strong>2<sup>\u00e8me<\/sup> BONUS: <\/strong>Invitation au 1<sup>er<\/sup> Petit d\u00e9jeuner du Club apr\u00e8s la formation<\/td>\n<td><\/td>\n<td style=\"text-align: center\">&#10004;<\/td>\n<td style=\"text-align: center\">&#10004;<\/td>\n<\/tr>\n<tr bgcolor=\"#e7e7e7\">\n<td style=\"text-align: left\"><strong>3<sup>\u00e8me<\/sup> BONUS : <\/strong>Service apr\u00e8s vente pendant 2 ans via le Club<\/td>\n<td style=\"text-align: center\">&#10004;<\/td>\n<td style=\"text-align: center\">&#10004;<\/td>\n<td style=\"text-align: center\">&#10004;<\/td>\n<\/tr>\n<tr bgcolor=\"#e7e7e7\">\n<td style=\"text-align: left\"><strong>4<sup>\u00e8me<\/sup> BONUS<\/strong>: Pont t\u00e9l\u00e9phonique<\/td>\n<td style=\"text-align: center\">&#10004;<\/td>\n<td style=\"text-align: center\">&#10004;<\/td>\n<td style=\"text-align: center\">&#10004;<\/td>\n<\/tr>\n<tr bgcolor=\"#e7e7e7\">\n<td style=\"text-align: right\"><span style=\"color: #808080\"><em>Cliquez sur le bouton de votre choix pour recevoir le bulletin d&#8217;inscription<\/em><\/span><\/td>\n<td style=\"padding:0px\"><a class=\"lien-tab\" href=\"mailto:secretariat@managis.com?subject=Merci de m adresser le bulletin d inscription de la formation MLR offre particulier\">Je s\u00e9lectionne cette offre (particulier)<\/a><\/td>\n<td style=\"padding:0px\"><a class=\"lien-tab\" href=\"mailto:secretariat@managis.com?subject=Merci de m adresser le bulletin d inscription de la formation MLR offre inter\">Je s\u00e9lectionne cette offre (inter)<\/a><\/td>\n<td style=\"padding:0px\"><a class=\"lien-tab\" href=\"mailto:secretariat@managis.com?subject=Merci de m adresser le bulletin d inscription de la formation MLR offre intra\">Je s\u00e9lectionne cette offre (intra)<\/a><\/td>\n<\/tr>\n<\/tbody>\n<\/table>\n<p><\/p>\n<p style=\"text-align:center\"><a class=\"alien\" href=\"https:\/\/www.managis.com\/managezparlesreunions1\/vivez-le-management-5-0\/\">Je veux en savoir plus, je clique !<\/a><\/p>\n<p><\/p>\n<h2>Quelques t\u00e9moignages<\/h2>\n<div tabindex=\"0\" class=\"cycloneslider cycloneslider-template-standard cycloneslider-width-full\" id=\"cycloneslider-temoignages-1\" > <div class=\"cycloneslider-slides cycle-slideshow\" data-cycle-allow-wrap=\"true\" data-cycle-dynamic-height=\"on\" data-cycle-auto-height=\"0\" data-cycle-auto-height-easing=\"null\" data-cycle-auto-height-speed=\"250\" data-cycle-delay=\"0\" data-cycle-easing=\"\" data-cycle-fx=\"fade\" data-cycle-hide-non-active=\"false\" data-cycle-log=\"false\" data-cycle-next=\"#cycloneslider-temoignages-1 .cycloneslider-next\" data-cycle-pager=\"#cycloneslider-temoignages-1 .cycloneslider-pager\" data-cycle-pause-on-hover=\"true\" data-cycle-prev=\"#cycloneslider-temoignages-1 .cycloneslider-prev\" data-cycle-slides=\"&gt; div\" data-cycle-speed=\"1000\" data-cycle-swipe=\"1\" data-cycle-tile-count=\"7\" data-cycle-tile-delay=\"100\" data-cycle-tile-vertical=\"true\" data-cycle-timeout=\"6000\" > <div class=\"cycloneslider-slide cycloneslider-slide-testimonial\" > <blockquote> <p>J\u2019ai appliqu\u00e9 la m\u00e9thode. J\u2019en retiens la qualit\u00e9 des \u00e9changes et l\u2019enthousiasme g\u00e9n\u00e9r\u00e9s. J\u2019ai \u00e9t\u00e9 surpris de la participation active des membres de mon \u00e9quipe.<\/p> <\/blockquote> <p class=\"cycloneslider-testimonial-author\"> <a href=\"\">-Olivier Camps \u2013 Chef du Service Administration des Ventes \u2013 SKF Aeroengine<\/a> <\/p> <\/div> <div class=\"cycloneslider-slide cycloneslider-slide-testimonial\" > <blockquote> <p>Super emball\u00e9 par la formation\u2026 J\u2019ai pu constater une plus grande ouverture dans nos \u00e9quipes - une coh\u00e9sion d\u2019\u00e9quipe plus forte.<\/p> <\/blockquote> <p class=\"cycloneslider-testimonial-author\"> <a href=\"\">-Agence Nikita \u2013 G\u00e9rard Labbe \u2013 Directeur de cr\u00e9ation associ\u00e9<\/a> <\/p> <\/div> <div class=\"cycloneslider-slide cycloneslider-slide-testimonial\" > <blockquote> <p>La mise en \u0153uvre et les apports de cette formation m\u2019ont permis d\u2019avoir lors des r\u00e9unions une \u00e9quipe beaucoup plus impliqu\u00e9e, qui s\u2019engageait sur les challenges \u00e0 relever et qui les portait avec dynamisme.<\/p> <\/blockquote> <p class=\"cycloneslider-testimonial-author\"> <a href=\"\">-Bruno Herment \u2013 Orange<\/a> <\/p> <\/div> <div class=\"cycloneslider-slide cycloneslider-slide-testimonial\" > <blockquote> <p>Tr\u00e8s surprise de l\u2019efficacit\u00e9 des 5 techniques MLR car elles permettent de mettre en place une v\u00e9ritable \u00ab Dream Team \u00bb : le r\u00eave de tout manager est atteint. Merci<\/p> <\/blockquote> <p class=\"cycloneslider-testimonial-author\"> <a href=\"\">-Vanessa M\u00e9dici \u2013 Chef d\u2019agence \u2013 Gestion Clients \u2013 Lyonnaise des Eaux<\/a> <\/p> <\/div> <div class=\"cycloneslider-slide cycloneslider-slide-testimonial\" > <blockquote> <p>Apr\u00e8s la formation les r\u00e9sultats atteints dans l\u2019exercice de mon quotidien en efficacit\u00e9 et transparence \u00e9taient tellement importants que j\u2019ai invit\u00e9 mes \u00e9quipes directes ainsi qu\u2019une population d\u2019une cinquantaine de managers \u00e0 suivre le cycle.<\/p> <\/blockquote> <p class=\"cycloneslider-testimonial-author\"> <a href=\"\">-Raouf Mhenni \u2013 General Manager Middle East &amp; Africa \u2013 HR ACCESS<\/a> <\/p> <\/div> <\/div> <\/div>\n","protected":false},"excerpt":{"rendered":"<p>1 Offre pour particulier 2 Offres pour les entreprises PRESTATIONS &#10004; &#10004; &#10004; Accompagnement par mail &#10004; &#10004; &#10004; 3 jours en alternance &#10004; &#10004; &#10004; Classeur-support de cours &#10004; &#10004; &#10004; D\u00e9jeuner &#10004; &#10004; Pont t\u00e9l\u00e9phonique : 1h &#10004; &#10004; &#10004; Supervision 1\/2 journ\u00e9e &#10004; &#10004; 1er BONUS: Inscription au Club des Managers &#10004; [&hellip;]<\/p>\n","protected":false},"author":7,"featured_media":0,"parent":0,"menu_order":0,"comment_status":"open","ping_status":"open","template":"","meta":{"footnotes":""},"class_list":["post-27","page","type-page","status-publish","hentry"],"_links":{"self":[{"href":"https:\/\/www.managis.com\/managezparlesreunions1\/wp-json\/wp\/v2\/pages\/27","targetHints":{"allow":["GET"]}}],"collection":[{"href":"https:\/\/www.managis.com\/managezparlesreunions1\/wp-json\/wp\/v2\/pages"}],"about":[{"href":"https:\/\/www.managis.com\/managezparlesreunions1\/wp-json\/wp\/v2\/types\/page"}],"author":[{"embeddable":true,"href":"https:\/\/www.managis.com\/managezparlesreunions1\/wp-json\/wp\/v2\/users\/7"}],"replies":[{"embeddable":true,"href":"https:\/\/www.managis.com\/managezparlesreunions1\/wp-json\/wp\/v2\/comments?post=27"}],"version-history":[{"count":4,"href":"https:\/\/www.managis.com\/managezparlesreunions1\/wp-json\/wp\/v2\/pages\/27\/revisions"}],"predecessor-version":[{"id":340,"href":"https:\/\/www.managis.com\/managezparlesreunions1\/wp-json\/wp\/v2\/pages\/27\/revisions\/340"}],"wp:attachment":[{"href":"https:\/\/www.managis.com\/managezparlesreunions1\/wp-json\/wp\/v2\/media?parent=27"}],"curies":[{"name":"wp","href":"https:\/\/api.w.org\/{rel}","templated":true}]}}